{"id":32486,"date":"2025-04-07T15:27:20","date_gmt":"2025-04-07T13:27:20","guid":{"rendered":"https:\/\/www.mykoplan.ch\/?post_type=product&#038;p=32486"},"modified":"2025-05-09T15:39:18","modified_gmt":"2025-05-09T13:39:18","slug":"metabolic-support-mp90-3-bocaux","status":"publish","type":"product","link":"https:\/\/myko.webdesign-projekte.ch\/fr\/shop\/ligne-mp\/metabolic-support-mp90-3-bocaux\/","title":{"rendered":"Metabolic Support MP90 (3 bocaux) : Remplacement du paquet avantage \u00e9puis\u00e9e"},"content":{"rendered":"<p><span lang=\"fr-FR\">Metabolic Support MP90 est un compl\u00e9ment alimentaire innovant compos\u00e9 de champignons vitaux bio de haute qualit\u00e9, Grifola frondosa et Coprinus comatus. Il contient en outre une poudre de prot\u00e9ines hydrolys\u00e9es (Pep2Dia\u00ae), un extrait de Yerba Santa (Eriodictyon californicum, SantEnergy NU\u00ae) et de la vitamine C. Ces substances naturelles sont parfaitement \u00e9quilibr\u00e9es entre elles. Gr\u00e2ce \u00e0 notre proc\u00e9d\u00e9 de fabrication brevet\u00e9, nous obtenons en outre une biodisponibilit\u00e9 \u00e9lev\u00e9e. Cela fait de notre produit un compl\u00e9ment alimentaire unique au monde.<\/span><\/p>\n<p><span lang=\"fr-FR\"><strong>R\u00e9sultat\u00a0:<\/strong> gr\u00e2ce \u00e0 cette combinaison unique, Metabolic Support MP90 permet d\u2019accompagner le fonctionnement m\u00e9tabolique normal et le poids corporel. Il s\u2019agit d\u2019une \u00e9tape importante dans un programme global de sant\u00e9 et de bien-\u00eatre.<\/span><\/p>\n<p><span lang=\"fr-FR\"><strong>Effet :<\/strong> gr\u00e2ce \u00e0 sa teneur \u00e9lev\u00e9e en vitamine C, Metabolic Support MP90 contribue \u00e0 un fonctionnement normal du syst\u00e8me immunitaire et prot\u00e8ge les cellules contre le stress oxydatif.<\/span><\/p>\n<p><span lang=\"fr-FR\">Metabolic Support MP90 a \u00e9t\u00e9 d\u00e9velopp\u00e9 par Mykoplan\u00ae Vitalpilze Schweiz AG et ses partenaires. Les substances vitales de haute qualit\u00e9 sont trait\u00e9es conform\u00e9ment \u00e0 notre norme cGMP \u00e9lev\u00e9e. Les champignons vitaux bio sont produits de mani\u00e8re scientifiquement standardis\u00e9e et contiennent tous les \u00e9l\u00e9ments vitaux du champignon entier.<\/span><\/p>\n<p><span lang=\"fr-FR\">Vous trouverez plus d\u2019informations sur les ingr\u00e9dients et les r\u00e9sultats de Metabolic Support MP90 dans les \u00e9tudes scientifiques suivantes :<\/span><\/p>\n<p><a href=\"https:\/\/www.frontiersin.org\/journals\/endocrinology\/articles\/10.3389\/fendo.2022.1105073\/full\" rel=\"noopener\">Article scientifique : Frontiers | Grifola frondosa may play an anti-obesity role by affecting intestinal microbiota to increase the production of short-chain fatty acids<\/a><\/p>\n<p><a href=\"https:\/\/www.mdpi.com\/2304-8158\/12\/14\/2702\" rel=\"noopener\">Article scientifique : Development of a Functional Acceptable Diabetic and Plant-Based Snack Bar Using Mushroom (Coprinus comatus) Powder<\/a><\/p>\n<p><a href=\"https:\/\/www.mykoplan.ch\/wp-content\/uploads\/2025\/01\/Pep2dia.nutrients-11-01700.pdf\" rel=\"noopener\">Article scientifique : Postprandial Effects of a Proprietary Milk Protein Hydrolysate Containing Bioactive Peptides in Prediabetic Subjects<\/a><\/p>\n<p><a href=\"https:\/\/www.mykoplan.ch\/wp-content\/uploads\/2025\/01\/Brochure_SantEnergy_Nu.pdf\" rel=\"noopener\">Article scientifique : SantEnergy\u2122 Nu<\/a><\/p>\n<p><span lang=\"fr-FR\">Pour des raisons l\u00e9gales, il n\u2019est pas permis en Suisse de faire des d\u00e9clarations sp\u00e9cifiques \u00e0 la sant\u00e9 sur les effets de Metabolic Support MP90. Nous ne pouvons que vous renvoyer aux \u00e9tudes correspondantes. Nous vous remercions pour votre compr\u00e9hension.<\/span><\/p>\n","protected":false},"excerpt":{"rendered":"<p><span style=\"color: #ff0000;\">3x Metabolic Support MP90 bocal CHF 209.70 au prix de 1x Metabolic Support MP90 paquet avantage CHF 189.90<\/span><\/p>\n<p>Metabolic Support MP90 est un compl\u00e9ment alimentaire innovant. Il permet d\u2019accompagner le m\u00e9tabolisme et le poids corporel. Gr\u00e2ce \u00e0 sa teneur \u00e9lev\u00e9e en vitamine C, il contribue \u00e0 un fonctionnement normal du syst\u00e8me immunitaire et r\u00e9duit le stress oxydatif.<\/p>\n<p><img loading=\"lazy\" decoding=\"async\" class=\"alignnone wp-image-30460\" src=\"https:\/\/www.mykoplan.ch\/wp-content\/uploads\/2025\/01\/aufklebermetabolicsupport-40x40-2024-500x500.jpg\" alt=\"\" width=\"300\" height=\"300\" srcset=\"https:\/\/myko.webdesign-projekte.ch\/wp-content\/uploads\/2025\/01\/aufklebermetabolicsupport-40x40-2024-500x500.jpg 500w, https:\/\/myko.webdesign-projekte.ch\/wp-content\/uploads\/2025\/01\/aufklebermetabolicsupport-40x40-2024-150x150.jpg 150w, https:\/\/myko.webdesign-projekte.ch\/wp-content\/uploads\/2025\/01\/aufklebermetabolicsupport-40x40-2024-354x354.jpg 354w, https:\/\/myko.webdesign-projekte.ch\/wp-content\/uploads\/2025\/01\/aufklebermetabolicsupport-40x40-2024-100x100.jpg 100w, https:\/\/myko.webdesign-projekte.ch\/wp-content\/uploads\/2025\/01\/aufklebermetabolicsupport-40x40-2024.jpg 543w\" sizes=\"auto, (max-width: 300px) 100vw, 300px\" \/><\/p>\n<p>Contenu : 168 g (270 g\u00e9lules \u00e0 617 mg)<\/p>\n<p><em>Produit suffisant pour 45 jours<\/em><\/p>\n","protected":false},"author":240,"featured_media":34150,"comment_status":"open","ping_status":"closed","template":"","meta":{"_coblocks_attr":"","_coblocks_dimensions":"","_coblocks_responsive_height":"","_coblocks_accordion_ie_support":""},"product_brand":[],"product_cat":[85],"product_tag":[],"class_list":{"0":"post-32486","1":"product","2":"type-product","3":"status-publish","4":"has-post-thumbnail","6":"product_cat-ligne-mp","7":"sales-flash-overlay","8":"woocommerce-text-align-center","9":"woocommerce-image-align-center","10":"do-quantity-buttons","12":"first","13":"outofstock","14":"taxable","15":"shipping-taxable","16":"purchasable","17":"product-type-simple"},"_links":{"self":[{"href":"https:\/\/myko.webdesign-projekte.ch\/fr\/wp-json\/wp\/v2\/product\/32486","targetHints":{"allow":["GET"]}}],"collection":[{"href":"https:\/\/myko.webdesign-projekte.ch\/fr\/wp-json\/wp\/v2\/product"}],"about":[{"href":"https:\/\/myko.webdesign-projekte.ch\/fr\/wp-json\/wp\/v2\/types\/product"}],"author":[{"embeddable":true,"href":"https:\/\/myko.webdesign-projekte.ch\/fr\/wp-json\/wp\/v2\/users\/240"}],"replies":[{"embeddable":true,"href":"https:\/\/myko.webdesign-projekte.ch\/fr\/wp-json\/wp\/v2\/comments?post=32486"}],"wp:featuredmedia":[{"embeddable":true,"href":"https:\/\/myko.webdesign-projekte.ch\/fr\/wp-json\/wp\/v2\/media\/34150"}],"wp:attachment":[{"href":"https:\/\/myko.webdesign-projekte.ch\/fr\/wp-json\/wp\/v2\/media?parent=32486"}],"wp:term":[{"taxonomy":"product_brand","embeddable":true,"href":"https:\/\/myko.webdesign-projekte.ch\/fr\/wp-json\/wp\/v2\/product_brand?post=32486"},{"taxonomy":"product_cat","embeddable":true,"href":"https:\/\/myko.webdesign-projekte.ch\/fr\/wp-json\/wp\/v2\/product_cat?post=32486"},{"taxonomy":"product_tag","embeddable":true,"href":"https:\/\/myko.webdesign-projekte.ch\/fr\/wp-json\/wp\/v2\/product_tag?post=32486"}],"curies":[{"name":"wp","href":"https:\/\/api.w.org\/{rel}","templated":true}]}}