{"id":32164,"date":"2025-10-28T08:18:10","date_gmt":"2025-10-28T07:18:10","guid":{"rendered":"https:\/\/www.mykoplan.ch\/?post_type=product&#038;p=32164"},"modified":"2025-10-29T07:33:51","modified_gmt":"2025-10-29T06:33:51","slug":"cordyceps-mp90-energy-recharge","status":"publish","type":"product","link":"https:\/\/myko.webdesign-projekte.ch\/fr\/shop\/ligne-mp\/cordyceps-mp90-energy-recharge\/","title":{"rendered":"Cordyceps MP90 energy recharge"},"content":{"rendered":"<p>Cordyceps MP90 energy est utilis\u00e9 par les personnes en bonne sant\u00e9 pendant un effort physique et mental accru et apr\u00e8s un effort important.<\/p>\n<p>Cordyceps MP90 energy a \u00e9t\u00e9 d\u00e9velopp\u00e9 par la soci\u00e9t\u00e9 Mykoplan\u00ae Vitalpilze Schweiz AG. Les mati\u00e8res premi\u00e8res de haute qualit\u00e9 sont trait\u00e9es conform\u00e9ment \u00e0 nos normes. Gr\u00e2ce \u00e0 des processus contr\u00f4l\u00e9s et \u00e0 une production minutieuse, nous garantissons la meilleure qualit\u00e9.<\/p>\n<p>Cordyceps MP90 energy est un compl\u00e9ment alimentaire innovant. Il contient du cordyceps bio, de l\u2019extrait d\u2019ac\u00e9rola bio, de l\u2019extrait de baie de ch\u00e8vrefeuille bleu (Lonicera caerulea) (EnduBerry\u2122Nu), du L-tryptophane et du NADH. Les ingr\u00e9dients sont harmonis\u00e9s entre eux et trait\u00e9s avec soin.<\/p>\n<p>La mati\u00e8re premi\u00e8re Cordyceps bio a la qualit\u00e9 biologique bien connue de Mykoplan\u00ae.\u00a0Les champignons vitaux biologiques sont fabriqu\u00e9s selon des normes scientifiques et sont enrichis en extrait de baie de ch\u00e8vrefeuille bleu (Lonicera caerulea)(EnduBerry\u2122Nu), du L-tryptophane et du NADH. Ce m\u00e9lange donne \u00e0 la formulation une propri\u00e9t\u00e9 holistique, am\u00e9liore la biodisponibilit\u00e9 et rend le Cordyceps MP90 energy unique.<\/p>\n<p><strong>R\u00e9sultat\u00a0:<\/strong> des ingr\u00e9dients enrichis au maximum et bien assimil\u00e9s par l\u2019organisme. Un apport optimal d\u2019\u00e9nergie pendant un effort physique et mental intense et une meilleure r\u00e9cup\u00e9ration apr\u00e8s un effort important.<\/p>\n<p><strong>Effet :<\/strong> gr\u00e2ce \u00e0 sa teneur \u00e9lev\u00e9e en vitamine C, Cordyceps MP90 energy contribue \u00e0 un m\u00e9tabolisme \u00e9nerg\u00e9tique normal, \u00e0 un fonctionnement normal du syst\u00e8me nerveux. La vitamine C contribue \u00e0 r\u00e9duire la fatigue et la lassitude et \u00e0 une fonction psychique normale.<br \/>\nVous trouverez plus d\u2019informations sur les ingr\u00e9dients et les r\u00e9sultats de Cordyceps MP90 energy dans les \u00e9tudes scientifiques suivantes\u00a0:<\/p>\n<p><b><a href=\"https:\/\/pmc.ncbi.nlm.nih.gov\/articles\/PMC3909570\/\" target=\"_blank\" rel=\"noopener\">Pharmacological and therapeutic potential of <i>Cordyceps<\/i> with special reference to Cordycepin<\/a><\/b><\/p>\n<p><a href=\"https:\/\/www.sciencedirect.com\/science\/article\/pii\/S1756464613000522\" target=\"_blank\" rel=\"noopener\"><strong>Properties of <i>Cordyceps Sinensis<\/i>: A review<\/strong><\/a><b><\/b><\/p>\n<p><a href=\"https:\/\/www.mdpi.com\/2072-6643\/14\/4\/780\" target=\"_blank\" rel=\"noopener\">https:\/\/www.mdpi.com\/2072-6643\/14\/4\/780<\/a><\/p>\n<p><a href=\"https:\/\/www.mykoplan.ch\/wp-content\/uploads\/2025\/03\/Brochure_EnduBerry_Nu.pdf\" target=\"_blank\" rel=\"noopener\">S-934_EnduBerry\u2122Nu_Study summary clinical trail.pdf<\/a><br \/>\n<i><b><\/b><\/i><\/p>\n<p><a href=\"https:\/\/pmc.ncbi.nlm.nih.gov\/articles\/PMC2908021\/\" target=\"_blank\" rel=\"noopener\"><strong><i>L<\/i>-Tryptophan: Basic Metabolic Functions, Behavioral Research and Therapeutic Indications<\/strong><\/a><\/p>\n<p><a href=\"https:\/\/pubmed.ncbi.nlm.nih.gov\/10071523\/\" target=\"_blank\" rel=\"noopener\">https:\/\/pubmed.ncbi.nlm.nih.gov\/10071523\/<\/a><br \/>\n<a href=\"https:\/\/pubmed.ncbi.nlm.nih.gov\/15377055\/\" target=\"_blank\" rel=\"noopener\">https:\/\/pubmed.ncbi.nlm.nih.gov\/15377055\/<\/a><\/p>\n<p>Pour des raisons juridiques, il n\u2019est pas autoris\u00e9 en Suisse de faire des d\u00e9clarations sp\u00e9cifiques sur les effets de Cordyceps MP90 energy. Nous ne pouvons que vous renvoyer aux \u00e9tudes correspondantes. Nous vous remercions pour votre compr\u00e9hension.<\/p>\n","protected":false},"excerpt":{"rendered":"<p>Le compl\u00e9ment alimentaire \u00e0 base de poudre de Cordyceps sinensis bio contient de la vitamine C issue de la poudre d\u2019ac\u00e9rola bio (par dosage de 3 g\u00e9lules par jour sont contenus 45 mg de vitamine C pure), de l\u2019extrait de baie de ch\u00e8vrefeuille bleu (Lonicera caerulea) (EnduBerry\u2122Nu), du L-tryptophane et du NADH.<\/p>\n<p>La vitamine C contribue \u00e0 un m\u00e9tabolisme \u00e9nerg\u00e9tique normal et au fonctionnement normal du syst\u00e8me nerveux. La vitamine C contribue \u00e0 la r\u00e9duction de la fatigue et au fonctionnement psychique normal.<\/p>\n<p>Contenu : 108 g<br \/>\n(180 g\u00e9lules \u00e0 600 mg)<\/p>\n<p><em>Produit suffisant pour 30 jours<\/em><\/p>\n","protected":false},"author":240,"featured_media":32156,"comment_status":"open","ping_status":"closed","template":"","meta":{"_coblocks_attr":"","_coblocks_dimensions":"","_coblocks_responsive_height":"","_coblocks_accordion_ie_support":""},"product_brand":[],"product_cat":[85],"product_tag":[],"class_list":{"0":"post-32164","1":"product","2":"type-product","3":"status-publish","4":"has-post-thumbnail","6":"product_cat-ligne-mp","7":"sales-flash-overlay","8":"woocommerce-text-align-center","9":"woocommerce-image-align-center","10":"do-quantity-buttons","12":"first","13":"instock","14":"taxable","15":"shipping-taxable","16":"purchasable","17":"product-type-simple"},"_links":{"self":[{"href":"https:\/\/myko.webdesign-projekte.ch\/fr\/wp-json\/wp\/v2\/product\/32164","targetHints":{"allow":["GET"]}}],"collection":[{"href":"https:\/\/myko.webdesign-projekte.ch\/fr\/wp-json\/wp\/v2\/product"}],"about":[{"href":"https:\/\/myko.webdesign-projekte.ch\/fr\/wp-json\/wp\/v2\/types\/product"}],"author":[{"embeddable":true,"href":"https:\/\/myko.webdesign-projekte.ch\/fr\/wp-json\/wp\/v2\/users\/240"}],"replies":[{"embeddable":true,"href":"https:\/\/myko.webdesign-projekte.ch\/fr\/wp-json\/wp\/v2\/comments?post=32164"}],"wp:featuredmedia":[{"embeddable":true,"href":"https:\/\/myko.webdesign-projekte.ch\/fr\/wp-json\/wp\/v2\/media\/32156"}],"wp:attachment":[{"href":"https:\/\/myko.webdesign-projekte.ch\/fr\/wp-json\/wp\/v2\/media?parent=32164"}],"wp:term":[{"taxonomy":"product_brand","embeddable":true,"href":"https:\/\/myko.webdesign-projekte.ch\/fr\/wp-json\/wp\/v2\/product_brand?post=32164"},{"taxonomy":"product_cat","embeddable":true,"href":"https:\/\/myko.webdesign-projekte.ch\/fr\/wp-json\/wp\/v2\/product_cat?post=32164"},{"taxonomy":"product_tag","embeddable":true,"href":"https:\/\/myko.webdesign-projekte.ch\/fr\/wp-json\/wp\/v2\/product_tag?post=32164"}],"curies":[{"name":"wp","href":"https:\/\/api.w.org\/{rel}","templated":true}]}}