{"id":28783,"date":"2024-12-02T07:41:58","date_gmt":"2024-12-02T06:41:58","guid":{"rendered":"https:\/\/www.mykoplan.ch\/?post_type=product&#038;p=28783"},"modified":"2025-09-24T15:12:02","modified_gmt":"2025-09-24T13:12:02","slug":"pleurotes-bio-seches","status":"publish","type":"product","link":"https:\/\/myko.webdesign-projekte.ch\/fr\/shop\/champignons-nobles-bio\/pleurotes-bio-seches\/","title":{"rendered":"Pleurotes bio s\u00e9ch\u00e9s"},"content":{"rendered":"<p><strong>Pleurotus &#8211; LE CHAMPIGNON \u00c9PIC\u00c9<\/strong><\/p>\n<p>Le pleurote est un champignon \u00e9pic\u00e9, \u00e9galement connu sous le nom de \u00ab pleurote en hu\u00eetre \u00bb ou \u00ab pleurote du panicaut \u00bb. Ce champignon pousse en grappes denses et est \u00e9galement pr\u00e9sent dans les for\u00eats suisses. Les cueilleurs de champignons le trouvent en automne sous les arbres moisis.<\/p>\n","protected":false},"excerpt":{"rendered":"<p>Pleurotes bio s\u00e9ch\u00e9s de producion suisse<\/p>\n<p>Contenu: 20 g<\/p>\n","protected":false},"author":240,"featured_media":28860,"comment_status":"open","ping_status":"closed","template":"","meta":{"_coblocks_attr":"","_coblocks_dimensions":"","_coblocks_responsive_height":"","_coblocks_accordion_ie_support":""},"product_brand":[],"product_cat":[100],"product_tag":[],"class_list":{"0":"post-28783","1":"product","2":"type-product","3":"status-publish","4":"has-post-thumbnail","6":"product_cat-champignons-nobles-bio","7":"sales-flash-overlay","8":"woocommerce-text-align-center","9":"woocommerce-image-align-center","10":"do-quantity-buttons","12":"first","13":"instock","14":"sale","15":"taxable","16":"shipping-taxable","17":"purchasable","18":"product-type-simple"},"_links":{"self":[{"href":"https:\/\/myko.webdesign-projekte.ch\/fr\/wp-json\/wp\/v2\/product\/28783","targetHints":{"allow":["GET"]}}],"collection":[{"href":"https:\/\/myko.webdesign-projekte.ch\/fr\/wp-json\/wp\/v2\/product"}],"about":[{"href":"https:\/\/myko.webdesign-projekte.ch\/fr\/wp-json\/wp\/v2\/types\/product"}],"author":[{"embeddable":true,"href":"https:\/\/myko.webdesign-projekte.ch\/fr\/wp-json\/wp\/v2\/users\/240"}],"replies":[{"embeddable":true,"href":"https:\/\/myko.webdesign-projekte.ch\/fr\/wp-json\/wp\/v2\/comments?post=28783"}],"wp:featuredmedia":[{"embeddable":true,"href":"https:\/\/myko.webdesign-projekte.ch\/fr\/wp-json\/wp\/v2\/media\/28860"}],"wp:attachment":[{"href":"https:\/\/myko.webdesign-projekte.ch\/fr\/wp-json\/wp\/v2\/media?parent=28783"}],"wp:term":[{"taxonomy":"product_brand","embeddable":true,"href":"https:\/\/myko.webdesign-projekte.ch\/fr\/wp-json\/wp\/v2\/product_brand?post=28783"},{"taxonomy":"product_cat","embeddable":true,"href":"https:\/\/myko.webdesign-projekte.ch\/fr\/wp-json\/wp\/v2\/product_cat?post=28783"},{"taxonomy":"product_tag","embeddable":true,"href":"https:\/\/myko.webdesign-projekte.ch\/fr\/wp-json\/wp\/v2\/product_tag?post=28783"}],"curies":[{"name":"wp","href":"https:\/\/api.w.org\/{rel}","templated":true}]}}