{"id":28782,"date":"2024-12-02T07:41:57","date_gmt":"2024-12-02T06:41:57","guid":{"rendered":"https:\/\/www.mykoplan.ch\/?post_type=product&#038;p=28782"},"modified":"2024-12-02T07:41:57","modified_gmt":"2024-12-02T06:41:57","slug":"nameko-bio-seches","status":"publish","type":"product","link":"https:\/\/myko.webdesign-projekte.ch\/fr\/shop\/champignons-nobles-bio\/nameko-bio-seches\/","title":{"rendered":"Nameko bio s\u00e9ch\u00e9s"},"content":{"rendered":"<p><strong>Nameko &#8211; LE TENDRE<\/strong><\/p>\n<p>Le nameko a un ar\u00f4me d\u00e9licat, l\u00e9g\u00e8rement sucr\u00e9 et de noisette.<br \/>\nLorsqu&rsquo;il est cuit, le nameko devient tendre, mais conserve sa couleur orange distinctive. Il se marie parfaitement avec les plats de nouilles et de riz.<\/p>\n","protected":false},"excerpt":{"rendered":"<p>Nameko bio s\u00e9ch\u00e9s de producion suisse<\/p>\n<p>Contenu: 20 g<\/p>\n","protected":false},"author":240,"featured_media":28858,"comment_status":"open","ping_status":"closed","template":"","meta":{"_coblocks_attr":"","_coblocks_dimensions":"","_coblocks_responsive_height":"","_coblocks_accordion_ie_support":""},"product_brand":[],"product_cat":[100],"product_tag":[],"class_list":{"0":"post-28782","1":"product","2":"type-product","3":"status-publish","4":"has-post-thumbnail","6":"product_cat-champignons-nobles-bio","7":"sales-flash-overlay","8":"woocommerce-text-align-center","9":"woocommerce-image-align-center","10":"do-quantity-buttons","12":"first","13":"instock","14":"sale","15":"taxable","16":"shipping-taxable","17":"purchasable","18":"product-type-simple"},"_links":{"self":[{"href":"https:\/\/myko.webdesign-projekte.ch\/fr\/wp-json\/wp\/v2\/product\/28782","targetHints":{"allow":["GET"]}}],"collection":[{"href":"https:\/\/myko.webdesign-projekte.ch\/fr\/wp-json\/wp\/v2\/product"}],"about":[{"href":"https:\/\/myko.webdesign-projekte.ch\/fr\/wp-json\/wp\/v2\/types\/product"}],"author":[{"embeddable":true,"href":"https:\/\/myko.webdesign-projekte.ch\/fr\/wp-json\/wp\/v2\/users\/240"}],"replies":[{"embeddable":true,"href":"https:\/\/myko.webdesign-projekte.ch\/fr\/wp-json\/wp\/v2\/comments?post=28782"}],"wp:featuredmedia":[{"embeddable":true,"href":"https:\/\/myko.webdesign-projekte.ch\/fr\/wp-json\/wp\/v2\/media\/28858"}],"wp:attachment":[{"href":"https:\/\/myko.webdesign-projekte.ch\/fr\/wp-json\/wp\/v2\/media?parent=28782"}],"wp:term":[{"taxonomy":"product_brand","embeddable":true,"href":"https:\/\/myko.webdesign-projekte.ch\/fr\/wp-json\/wp\/v2\/product_brand?post=28782"},{"taxonomy":"product_cat","embeddable":true,"href":"https:\/\/myko.webdesign-projekte.ch\/fr\/wp-json\/wp\/v2\/product_cat?post=28782"},{"taxonomy":"product_tag","embeddable":true,"href":"https:\/\/myko.webdesign-projekte.ch\/fr\/wp-json\/wp\/v2\/product_tag?post=28782"}],"curies":[{"name":"wp","href":"https:\/\/api.w.org\/{rel}","templated":true}]}}