{"id":27868,"date":"2020-02-04T09:29:05","date_gmt":"2020-02-04T08:29:05","guid":{"rendered":"https:\/\/www.mykoplan.ch\/?post_type=product&#038;p=27868"},"modified":"2024-09-10T09:13:38","modified_gmt":"2024-09-10T07:13:38","slug":"la-cle-du-systeme-humain-disponible-uniquement-en-allemand","status":"publish","type":"product","link":"https:\/\/myko.webdesign-projekte.ch\/fr\/shop\/accessoires\/la-cle-du-systeme-humain-disponible-uniquement-en-allemand\/","title":{"rendered":"Der Schl\u00fcssel zum System Mensch (disponible uniquement en allemand)"},"content":{"rendered":"<p>Vitalpilze geh\u00f6ren zu den \u00e4ltesten Naturheilmitteln der Menschheit. Immer mehr r\u00fcckt das Interesse an der \u00bbMykotherapie \u00ab in den Fokus der modernen Medizin. Mehrere Studien belegen die Feinabstimmung hochkomplexer Wirkstoffe aus Vitalpilzen, mit der wir unsere Gesundheit bewahren und Krankheitszust\u00e4nde behandeln k\u00f6nnen.<\/p>\n<p>Dieses Buch f\u00fchrt Sie \u00fcber die wesentlichen S\u00e4ulen der Vitalpilze (Geschichte, Wirkungsweise, Kultivierung) hin zu den wichtigsten Vitalpilzen und deren Anwendungsm\u00f6glichkeiten.<\/p>\n<p>Ergreifen Sie mit \u00bbDer Schl\u00fcssel zum System Mensch\u00ab die Chance zu weiterem k\u00f6rperlichen und geistigen Wohlstand!<\/p>\n","protected":false},"excerpt":{"rendered":"<p>2. Auflage Medizinalpilze in \u00f6stlicher und westlicher Heilkunst Buch der Gesellschaft f\u00fcr Vitalpilzkunde Schweiz <em>Autoren: Dr. med. Heinz Knopf und Thomas Falzone, Dipl. TCM-Therapeut, Mykotherapeut und Gr\u00fcnder der Gesellschaft f\u00fcr Vitalpilzkunde Schweiz<\/em><\/p>\n","protected":false},"author":240,"featured_media":26128,"comment_status":"open","ping_status":"closed","template":"","meta":{"_coblocks_attr":"","_coblocks_dimensions":"","_coblocks_responsive_height":"","_coblocks_accordion_ie_support":""},"product_brand":[],"product_cat":[90],"product_tag":[],"class_list":{"0":"post-27868","1":"product","2":"type-product","3":"status-publish","4":"has-post-thumbnail","6":"product_cat-accessoires","7":"sales-flash-overlay","8":"woocommerce-text-align-center","9":"woocommerce-image-align-center","10":"do-quantity-buttons","11":"wc-has-gallery","13":"first","14":"instock","15":"taxable","16":"shipping-taxable","17":"purchasable","18":"product-type-simple"},"_links":{"self":[{"href":"https:\/\/myko.webdesign-projekte.ch\/fr\/wp-json\/wp\/v2\/product\/27868","targetHints":{"allow":["GET"]}}],"collection":[{"href":"https:\/\/myko.webdesign-projekte.ch\/fr\/wp-json\/wp\/v2\/product"}],"about":[{"href":"https:\/\/myko.webdesign-projekte.ch\/fr\/wp-json\/wp\/v2\/types\/product"}],"author":[{"embeddable":true,"href":"https:\/\/myko.webdesign-projekte.ch\/fr\/wp-json\/wp\/v2\/users\/240"}],"replies":[{"embeddable":true,"href":"https:\/\/myko.webdesign-projekte.ch\/fr\/wp-json\/wp\/v2\/comments?post=27868"}],"wp:featuredmedia":[{"embeddable":true,"href":"https:\/\/myko.webdesign-projekte.ch\/fr\/wp-json\/wp\/v2\/media\/26128"}],"wp:attachment":[{"href":"https:\/\/myko.webdesign-projekte.ch\/fr\/wp-json\/wp\/v2\/media?parent=27868"}],"wp:term":[{"taxonomy":"product_brand","embeddable":true,"href":"https:\/\/myko.webdesign-projekte.ch\/fr\/wp-json\/wp\/v2\/product_brand?post=27868"},{"taxonomy":"product_cat","embeddable":true,"href":"https:\/\/myko.webdesign-projekte.ch\/fr\/wp-json\/wp\/v2\/product_cat?post=27868"},{"taxonomy":"product_tag","embeddable":true,"href":"https:\/\/myko.webdesign-projekte.ch\/fr\/wp-json\/wp\/v2\/product_tag?post=27868"}],"curies":[{"name":"wp","href":"https:\/\/api.w.org\/{rel}","templated":true}]}}