{"id":26876,"date":"2022-04-01T13:26:36","date_gmt":"2022-04-01T11:26:36","guid":{"rendered":"https:\/\/www.mykoplan.ch\/?post_type=product&#038;p=26876"},"modified":"2025-09-11T16:50:49","modified_gmt":"2025-09-11T14:50:49","slug":"mykopet-care-horse","status":"publish","type":"product","link":"https:\/\/myko.webdesign-projekte.ch\/fr\/shop\/mykopet-care-fr\/mykopet-care-horse\/","title":{"rendered":"MYKOPET CARE+ HORSE"},"content":{"rendered":"<p><span style=\"font-size: inherit;\"><strong>MYKOPET CARE+ HORSE<\/strong> est utilis\u00e9 comme compl\u00e9ment alimentaire avec des nutriments naturels sp\u00e9cifiques pour un apport optimal \u00e0 votre cheval. Il est destin\u00e9 \u00e0 la pr\u00e9vention de la sant\u00e9 et \u00e0 la revitalisation \u00e0 long terme et soutient la r\u00e9gulation et la r\u00e9g\u00e9n\u00e9ration de base.<\/span><\/p>\n<p><span style=\"font-size: inherit;\">\u00c0 titre pr\u00e9ventif ou curatif, la pr\u00e9paration est utilis\u00e9e 2 fois par an durant 6 \u00e0 8 semaines. Des applications plus fr\u00e9quentes sont \u00e9galement recommand\u00e9es.<\/span><\/p>\n<p><span style=\"font-size: inherit;\">En cas de maladie, la pr\u00e9paration est utilis\u00e9e durant au moins 8 \u00e0 12 semaines. En accord avec un sp\u00e9cialiste, la pr\u00e9paration peut \u00e9galement \u00eatre utilis\u00e9e pendant une p\u00e9riode plus longue.<\/span><\/p>\n<p><span style=\"font-size: inherit;\">La pr\u00e9paration contient \u00e9galement de prot\u00e9ines (Lactium\u00ae). Il s\u2019agit de prot\u00e9ines hydrolys\u00e9es qui a fait l\u2019objet <\/span><a style=\"font-size: inherit;\" href=\"https:\/\/www.mykoplan.ch\/wp-content\/uploads\/2022\/03\/Brochure-Lactium-companion-animals.pdf\" rel=\"noopener\">d\u2019\u00e9tudes scientifiques<\/a><span style=\"font-size: inherit;\">.<\/span><\/p>\n<p>Pour des raisons juridiques, il n\u2019est pas autoris\u00e9 en Suisse de faire des d\u00e9clarations sp\u00e9cifiques sur les effets de Lactium\u00ae sur la sant\u00e9. Nous ne pouvons que vous renvoyer aux \u00e9tudes correspondantes. Nous vous remercions de votre compr\u00e9hension.<\/p>\n<p>Les ingr\u00e9dients ont la qualit\u00e9 connue de Mykoplan\u00ae Bio. En raison de son traitement, MYKOPET CARE+ HORSE est tr\u00e8s bien accept\u00e9.<\/p>\n<p>Gr\u00e2ce \u00e0 un processus de traitement doux, nous atteignons une bonne biodisponibilit\u00e9 de tous les ingr\u00e9dients pr\u00e9cieux. Cela fait de notre produit un rem\u00e8de naturel innovant et unique pour les chevaux du monde entier.<\/p>\n","protected":false},"excerpt":{"rendered":"<p>La pr\u00e9paration MYKOPET CARE+ HORSE est un m\u00e9lange innovant de champignons vitaux certifi\u00e9s bio en combinaison avec des substances naturelles et v\u00e9g\u00e9tales s\u00e9lectionn\u00e9es. La formule de base contient du Ganoderma lucidum bio, du Cordyceps sinensis bio, de l\u2019Agaricus blazei bio et du Hericium erinaceus bio. Celle-ci a \u00e9t\u00e9 \u00e9largie avec des substances naturelles s\u00e9lectionn\u00e9es \u00e0 base de prot\u00e9ines Lactium\u00ae, de cynorrhodon, de chardon-Marie, de chlorella, de poudre de carotte et de graines de lin pour former le compl\u00e9ment alimentaire unique \u00e0 base de champignons vitaux MYKOPET CARE+ HORSE. Les formulations ont \u00e9t\u00e9 adapt\u00e9es aux besoins sp\u00e9cifiques de l\u2019esp\u00e8ce \u00e9quine et rendues app\u00e9tissantes en tenant compte d\u2019un effet de synergie optimal. Gr\u00e2ce au nouveau proc\u00e9d\u00e9 de fabrication brevet\u00e9, nous atteignons en outre une biodisponibilit\u00e9 \u00e9lev\u00e9e.<\/p>\n<p>Contenu : 80 g<\/p>\n<p><em>1 bo\u00eete suffit pour 30 jours<\/em><\/p>\n","protected":false},"author":240,"featured_media":33996,"comment_status":"open","ping_status":"closed","template":"","meta":{"_coblocks_attr":"","_coblocks_dimensions":"","_coblocks_responsive_height":"","_coblocks_accordion_ie_support":""},"product_brand":[],"product_cat":[86],"product_tag":[],"class_list":{"0":"post-26876","1":"product","2":"type-product","3":"status-publish","4":"has-post-thumbnail","6":"product_cat-mykopet-care-fr","7":"sales-flash-overlay","8":"woocommerce-text-align-center","9":"woocommerce-image-align-center","10":"do-quantity-buttons","12":"first","13":"instock","14":"taxable","15":"shipping-taxable","16":"purchasable","17":"product-type-simple"},"_links":{"self":[{"href":"https:\/\/myko.webdesign-projekte.ch\/fr\/wp-json\/wp\/v2\/product\/26876","targetHints":{"allow":["GET"]}}],"collection":[{"href":"https:\/\/myko.webdesign-projekte.ch\/fr\/wp-json\/wp\/v2\/product"}],"about":[{"href":"https:\/\/myko.webdesign-projekte.ch\/fr\/wp-json\/wp\/v2\/types\/product"}],"author":[{"embeddable":true,"href":"https:\/\/myko.webdesign-projekte.ch\/fr\/wp-json\/wp\/v2\/users\/240"}],"replies":[{"embeddable":true,"href":"https:\/\/myko.webdesign-projekte.ch\/fr\/wp-json\/wp\/v2\/comments?post=26876"}],"wp:featuredmedia":[{"embeddable":true,"href":"https:\/\/myko.webdesign-projekte.ch\/fr\/wp-json\/wp\/v2\/media\/33996"}],"wp:attachment":[{"href":"https:\/\/myko.webdesign-projekte.ch\/fr\/wp-json\/wp\/v2\/media?parent=26876"}],"wp:term":[{"taxonomy":"product_brand","embeddable":true,"href":"https:\/\/myko.webdesign-projekte.ch\/fr\/wp-json\/wp\/v2\/product_brand?post=26876"},{"taxonomy":"product_cat","embeddable":true,"href":"https:\/\/myko.webdesign-projekte.ch\/fr\/wp-json\/wp\/v2\/product_cat?post=26876"},{"taxonomy":"product_tag","embeddable":true,"href":"https:\/\/myko.webdesign-projekte.ch\/fr\/wp-json\/wp\/v2\/product_tag?post=26876"}],"curies":[{"name":"wp","href":"https:\/\/api.w.org\/{rel}","templated":true}]}}