{"id":26875,"date":"2022-04-01T12:59:05","date_gmt":"2022-04-01T10:59:05","guid":{"rendered":"https:\/\/www.mykoplan.ch\/?post_type=product&#038;p=26875"},"modified":"2025-09-12T23:56:33","modified_gmt":"2025-09-12T21:56:33","slug":"mykopet-care-dog","status":"publish","type":"product","link":"https:\/\/myko.webdesign-projekte.ch\/fr\/shop\/mykopet-care-fr\/mykopet-care-dog\/","title":{"rendered":"MYKOPET CARE+ DOG"},"content":{"rendered":"<p>MYKOPET CARE+ DOG est utilis\u00e9 pour fournir \u00e0 votre chien un apport optimal en nutriments naturels sp\u00e9cifiques. Il sert \u00e0 la pr\u00e9vention de la sant\u00e9 et \u00e0 la revitalisation \u00e0 long terme et soutient la r\u00e9gulation de base et la r\u00e9g\u00e9n\u00e9ration en cas de maladie.<\/p>\n<p>En guise de pr\u00e9caution ou de pr\u00e9vention, la pr\u00e9paration est administr\u00e9e deux fois par an pendant 6 \u00e0 8 semaines. Des utilisations plus fr\u00e9quentes sont \u00e9galement recommand\u00e9es.<\/p>\n<p>Pour le soutien en cas de maladie, la pr\u00e9paration est utilis\u00e9e pendant au moins 8 \u00e0 12 semaines. En accord avec un sp\u00e9cialiste, la pr\u00e9paration peut \u00e9galement \u00eatre utilis\u00e9e pendant une p\u00e9riode plus longue.<\/p>\n<p>Les ingr\u00e9dients sont de la qualit\u00e9 connue Mykoplan\u00ae Bio. Gr\u00e2ce \u00e0 un processus de traitement doux, nous atteignons une bonne biodisponibilit\u00e9 de tous les ingr\u00e9dients pr\u00e9cieux. Cela fait de notre produit un rem\u00e8de naturel innovant et unique au monde.<\/p>\n","protected":false},"excerpt":{"rendered":"<p>La pr\u00e9paration MYKOPET CARE+ DOG est un m\u00e9lange innovant de champignons vitaux certifi\u00e9s bio en combinaison avec des substances naturelles et v\u00e9g\u00e9tales s\u00e9lectionn\u00e9es. La formule de base contient du Ganoderma lucidum bio, du Cordyceps sinensis bio, de l\u2019Agaricus blazei bio et du Hericium erinaceus bio. Celle-ci a \u00e9t\u00e9 compl\u00e9t\u00e9e par des substances naturelles s\u00e9lectionn\u00e9es de Lactium\u00ae, de chardon-Marie, de chlorella, de Q10 et de cassis pour former le m\u00e9lange unique de champignons vitaux MYKOPET CARE+ DOG. Les formulations ont \u00e9t\u00e9 adapt\u00e9es aux besoins sp\u00e9cifiques de l\u2019esp\u00e8ce canine et rendues app\u00e9tissantes en tenant compte d\u2019un effet de synergie optimal. Gr\u00e2ce au nouveau proc\u00e9d\u00e9 de fabrication brevet\u00e9, nous atteignons en outre une biodisponibilit\u00e9 \u00e9lev\u00e9e.<\/p>\n<p>Contenu : 80 g<\/p>\n<p><em>1 bo\u00eete suffit pour 40 jours<\/em><\/p>\n","protected":false},"author":240,"featured_media":33994,"comment_status":"open","ping_status":"closed","template":"","meta":{"_coblocks_attr":"","_coblocks_dimensions":"","_coblocks_responsive_height":"","_coblocks_accordion_ie_support":""},"product_brand":[],"product_cat":[86],"product_tag":[],"class_list":{"0":"post-26875","1":"product","2":"type-product","3":"status-publish","4":"has-post-thumbnail","6":"product_cat-mykopet-care-fr","7":"sales-flash-overlay","8":"woocommerce-text-align-center","9":"woocommerce-image-align-center","10":"do-quantity-buttons","12":"first","13":"instock","14":"taxable","15":"shipping-taxable","16":"purchasable","17":"product-type-simple"},"_links":{"self":[{"href":"https:\/\/myko.webdesign-projekte.ch\/fr\/wp-json\/wp\/v2\/product\/26875","targetHints":{"allow":["GET"]}}],"collection":[{"href":"https:\/\/myko.webdesign-projekte.ch\/fr\/wp-json\/wp\/v2\/product"}],"about":[{"href":"https:\/\/myko.webdesign-projekte.ch\/fr\/wp-json\/wp\/v2\/types\/product"}],"author":[{"embeddable":true,"href":"https:\/\/myko.webdesign-projekte.ch\/fr\/wp-json\/wp\/v2\/users\/240"}],"replies":[{"embeddable":true,"href":"https:\/\/myko.webdesign-projekte.ch\/fr\/wp-json\/wp\/v2\/comments?post=26875"}],"wp:featuredmedia":[{"embeddable":true,"href":"https:\/\/myko.webdesign-projekte.ch\/fr\/wp-json\/wp\/v2\/media\/33994"}],"wp:attachment":[{"href":"https:\/\/myko.webdesign-projekte.ch\/fr\/wp-json\/wp\/v2\/media?parent=26875"}],"wp:term":[{"taxonomy":"product_brand","embeddable":true,"href":"https:\/\/myko.webdesign-projekte.ch\/fr\/wp-json\/wp\/v2\/product_brand?post=26875"},{"taxonomy":"product_cat","embeddable":true,"href":"https:\/\/myko.webdesign-projekte.ch\/fr\/wp-json\/wp\/v2\/product_cat?post=26875"},{"taxonomy":"product_tag","embeddable":true,"href":"https:\/\/myko.webdesign-projekte.ch\/fr\/wp-json\/wp\/v2\/product_tag?post=26875"}],"curies":[{"name":"wp","href":"https:\/\/api.w.org\/{rel}","templated":true}]}}