{"id":26778,"date":"2020-09-09T11:49:12","date_gmt":"2020-09-09T09:49:12","guid":{"rendered":"https:\/\/www.mykoplan.ch\/?post_type=product&#038;p=26778"},"modified":"2025-11-04T00:42:27","modified_gmt":"2025-11-03T23:42:27","slug":"immunesupport-mp90","status":"publish","type":"product","link":"https:\/\/myko.webdesign-projekte.ch\/fr\/shop\/ligne-mp\/immunesupport-mp90\/","title":{"rendered":"ImmuneSupport MP90"},"content":{"rendered":"<p>ImmuneSupport MP90 a \u00e9t\u00e9 d\u00e9velopp\u00e9 par la soci\u00e9t\u00e9 Mykoplan\u00ae Vitalpilze Schweiz AG et ses partenaires.<\/p>\n<p>Les mati\u00e8res premi\u00e8res biologiques de haute qualit\u00e9 sont trait\u00e9es selon notre norme stricte cGMP. Gr\u00e2ce \u00e0 des processus d\u00e9finis et une fabrication minutieuse, nous garantissons une qualit\u00e9 sup\u00e9rieure.<\/p>\n<p>ImmuneSupport MP90 est un compl\u00e9ment alimentaire innovant. Il contient de la poudre concentr\u00e9e de Lentinula edodes bio, de Grifola frondosa bio, de Ganoderma lucidum bio, d\u2019Agaricus Blazei bio, de la vitamine C d\u2019ac\u00e9rola bio, de concentr\u00e9 de b\u00eata-glucanes de levure et de zinc (\u00e0 raison de 6 g\u00e9lules par jour, il contient 81,6 mg de vitamine C pure).<\/p>\n<p>Les mati\u00e8res premi\u00e8res sont soigneusement m\u00e9lang\u00e9es pour obtenir une synergie optimale. Gr\u00e2ce \u00e0 un nouveau proc\u00e9d\u00e9 de fabrication brevet\u00e9, nous atteignons en outre une biodisponibilit\u00e9 tr\u00e8s \u00e9lev\u00e9e.<\/p>\n<p>Les ingr\u00e9dients ont la qualit\u00e9 biologique bien connue de Mykoplan\u00ae. Ils sont <strong>micronis\u00e9s et concentr\u00e9s<\/strong> \u00e0 partir de nos mati\u00e8res premi\u00e8res biologiques, gr\u00e2ce \u00e0 un proc\u00e9d\u00e9 sp\u00e9cial. En raison de ce traitement, ImmuneSupport MP90 poss\u00e8de un nombre tr\u00e8s \u00e9lev\u00e9 d\u2019ingr\u00e9dients sp\u00e9cifiques. Gr\u00e2ce au nouveau processus de micronisation, nous atteignons une bonne biodisponibilit\u00e9 de tous ces pr\u00e9cieux ingr\u00e9dients. Cela fait de notre produit un compl\u00e9ment alimentaire innovant et unique au monde.<\/p>\n<p><strong>R\u00e9sultat :<\/strong> une bonne biodisponibilit\u00e9 de plus de 200 ingr\u00e9dients sp\u00e9cifiques absorb\u00e9s par l\u2019organisme.<\/p>\n<p><strong>Effet :<\/strong> gr\u00e2ce \u00e0 sa teneur \u00e9lev\u00e9e en vitamine C et en zinc, ImmuneSupport MP90 contribue au fonctionnement normal du syst\u00e8me immunitaire et prot\u00e8ge les cellules du stress oxydatif.<\/p>\n","protected":false},"excerpt":{"rendered":"<p>ImmuneSupport MP90 est un compl\u00e9ment alimentaire innovant. Gr\u00e2ce \u00e0 sa teneur \u00e9lev\u00e9e en vitamine C, il contribue au fonctionnement normal du syst\u00e8me immunitaire.<\/p>\n<p><mark class=\"immunesupport\">Formulation am\u00e9lior\u00e9e<\/mark><\/p>\n<p><img loading=\"lazy\" decoding=\"async\" class=\"alignnone wp-image-5317\" src=\"https:\/\/www.mykoplan.ch\/wp-content\/uploads\/2020\/09\/slogan-immunsupport-web-500x234.png\" alt=\"\" width=\"250\" height=\"117\" srcset=\"https:\/\/myko.webdesign-projekte.ch\/wp-content\/uploads\/2020\/09\/slogan-immunsupport-web-500x234.png 500w, https:\/\/myko.webdesign-projekte.ch\/wp-content\/uploads\/2020\/09\/slogan-immunsupport-web-768x359.png 768w, https:\/\/myko.webdesign-projekte.ch\/wp-content\/uploads\/2020\/09\/slogan-immunsupport-web-576x269.png 576w, https:\/\/myko.webdesign-projekte.ch\/wp-content\/uploads\/2020\/09\/slogan-immunsupport-web.png 811w\" sizes=\"auto, (max-width: 250px) 100vw, 250px\" \/><\/p>\n<p>Contenu : 54 g<br \/>\n(90 g\u00e9lules de 600 mg)<\/p>\n<p><em>1 bocal suffit pour 15 jours<\/em><\/p>\n","protected":false},"author":240,"featured_media":34020,"comment_status":"open","ping_status":"closed","template":"","meta":{"_coblocks_attr":"","_coblocks_dimensions":"","_coblocks_responsive_height":"","_coblocks_accordion_ie_support":""},"product_brand":[],"product_cat":[85],"product_tag":[],"class_list":{"0":"post-26778","1":"product","2":"type-product","3":"status-publish","4":"has-post-thumbnail","6":"product_cat-ligne-mp","7":"sales-flash-overlay","8":"woocommerce-text-align-center","9":"woocommerce-image-align-center","10":"do-quantity-buttons","12":"first","13":"instock","14":"taxable","15":"shipping-taxable","16":"purchasable","17":"product-type-simple"},"_links":{"self":[{"href":"https:\/\/myko.webdesign-projekte.ch\/fr\/wp-json\/wp\/v2\/product\/26778","targetHints":{"allow":["GET"]}}],"collection":[{"href":"https:\/\/myko.webdesign-projekte.ch\/fr\/wp-json\/wp\/v2\/product"}],"about":[{"href":"https:\/\/myko.webdesign-projekte.ch\/fr\/wp-json\/wp\/v2\/types\/product"}],"author":[{"embeddable":true,"href":"https:\/\/myko.webdesign-projekte.ch\/fr\/wp-json\/wp\/v2\/users\/240"}],"replies":[{"embeddable":true,"href":"https:\/\/myko.webdesign-projekte.ch\/fr\/wp-json\/wp\/v2\/comments?post=26778"}],"wp:featuredmedia":[{"embeddable":true,"href":"https:\/\/myko.webdesign-projekte.ch\/fr\/wp-json\/wp\/v2\/media\/34020"}],"wp:attachment":[{"href":"https:\/\/myko.webdesign-projekte.ch\/fr\/wp-json\/wp\/v2\/media?parent=26778"}],"wp:term":[{"taxonomy":"product_brand","embeddable":true,"href":"https:\/\/myko.webdesign-projekte.ch\/fr\/wp-json\/wp\/v2\/product_brand?post=26778"},{"taxonomy":"product_cat","embeddable":true,"href":"https:\/\/myko.webdesign-projekte.ch\/fr\/wp-json\/wp\/v2\/product_cat?post=26778"},{"taxonomy":"product_tag","embeddable":true,"href":"https:\/\/myko.webdesign-projekte.ch\/fr\/wp-json\/wp\/v2\/product_tag?post=26778"}],"curies":[{"name":"wp","href":"https:\/\/api.w.org\/{rel}","templated":true}]}}