{"id":26636,"date":"2023-11-17T12:11:58","date_gmt":"2023-11-17T11:11:58","guid":{"rendered":"https:\/\/www.mykoplan.ch\/?post_type=product&#038;p=26636"},"modified":"2025-09-09T00:19:01","modified_gmt":"2025-09-08T22:19:01","slug":"ganoprotect-mp90-liposomal-recharge","status":"publish","type":"product","link":"https:\/\/myko.webdesign-projekte.ch\/fr\/shop\/ligne-mp\/ganoprotect-mp90-liposomal-recharge\/","title":{"rendered":"GanoProtect MP90 liposomal recharge"},"content":{"rendered":"<p>GanoProtect MP90 liposomal a \u00e9t\u00e9 d\u00e9velopp\u00e9 par la soci\u00e9t\u00e9 Mykoplan\u00ae Vitalpilze Schweiz AG et ses partenaires.<\/p>\n<p>GanoProtect MP90 liposomal est un compl\u00e9ment alimentaire innovant. Il contient de la poudre concentr\u00e9e de Ganoderma lucidum (Reishi) sous une <strong>nouvelle forme liposomale<\/strong> et de l\u2019astaxanthine AstaPure\u00aeArava, de la vitamine C d\u2019ac\u00e9rola bio et de la vitamine E issue de tocotri\u00e9nols.<\/p>\n<p>Les ingr\u00e9dients ont, dans la mesure du possible, la qualit\u00e9 biologique bien connue de Mykoplan\u00ae. Ils ont \u00e9t\u00e9 transform\u00e9s en une forme liposomale par un proc\u00e9d\u00e9 sp\u00e9cial. Gr\u00e2ce \u00e0 ce nouveau type de pr\u00e9paration, nous atteignons une biodisponibilit\u00e9 maximale de tous les pr\u00e9cieux ingr\u00e9dients tout en conservant un <strong>Dosage minimal en seulement 3 g\u00e9lules<\/strong>. Cela fait de notre produit un compl\u00e9ment alimentaire innovant et unique au monde.<\/p>\n<p>En tenant compte d\u2019un effet de synergie optimal, les mati\u00e8res premi\u00e8res sont soigneusement adapt\u00e9es les unes aux autres.<\/p>\n<p><strong>R\u00e9sultat :<\/strong> une \u00e9tape importante vers une r\u00e9g\u00e9n\u00e9ration durable et un programme global de sant\u00e9. Bouclier protecteur contre le stress oxydatif et une r\u00e9ponse immunitaire normale.<\/p>\n<p><strong>Effet :<\/strong> gr\u00e2ce \u00e0 sa teneur \u00e9lev\u00e9e en vitamine C et en vitamine E, GanoProtect MP90 liposomal contribue au fonctionnement normal du syst\u00e8me immunitaire et prot\u00e8ge les cellules contre le stress oxydatif.<\/p>\n<p>Pour plus d\u2019informations sur les ingr\u00e9dients de GanoProtect MP90 liposomal, consultez les \u00e9tudes scientifiques suivantes :<\/p>\n<p><a href=\"https:\/\/www.mykoplan.ch\/wp-content\/uploads\/2023\/11\/Anti-Aging-Ganoderma-lucidum.pdf\" target=\"_blank\" rel=\"noopener\">Emerging Roles of Ganoderma Lucidum in Anti-Aging (aginganddisease.org) (PDF 2MB)<\/a><\/p>\n<p><a href=\"https:\/\/www.sciencedirect.com\/science\/article\/abs\/pii\/S0141813015300908?via%3Dihub\" target=\"_blank\" rel=\"noopener\">Activation effect of Ganoderma lucidum polysaccharides liposomes on murine peritoneal macrophages<\/a><\/p>\n<p><a href=\"https:\/\/www.sciencedirect.com\/science\/article\/abs\/pii\/S0144861714010108\" target=\"_blank\" rel=\"noopener\">Development of liposomal Ganoderma lucidum polysaccharide: Formulation optimization and evaluation of its immunological activity<\/a><\/p>\n<p><a href=\"https:\/\/www.sciencedirect.com\/science\/article\/abs\/pii\/S0144861716000369?via%3Dihub\" target=\"_blank\" rel=\"noopener\">Ganoderma lucidum polysaccharides encapsulated in liposome as an adjuvant to promote Th1-bias immune response<\/a><\/p>\n<p><a href=\"https:\/\/www.mykoplan.ch\/wp-content\/uploads\/2023\/11\/Gano-and-Protectiv.pdf\" target=\"_blank\" rel=\"noopener\">Antioxidant, antibacterial, antitumor, antifungal, antiviral, anti-inflammatory, and nevro-protective activity of Ganoderma lucidum: An overview<\/a><\/p>\n<p><a href=\"https:\/\/www.mykoplan.ch\/wp-content\/uploads\/2023\/11\/Ganoderma-and-Health.pdf\" target=\"_blank\" rel=\"noopener\">Ganoderma and Health &#8211; Pharmacology and Clinical Application<\/a><\/p>\n<p><a href=\"https:\/\/www.mykoplan.ch\/wp-content\/uploads\/2023\/11\/Ganoderma.pdf\" target=\"_blank\" rel=\"noopener\">Health-Promoting of Polysaccharides Extracted from Ganoderma lucidum<\/a><\/p>\n<p><a href=\"https:\/\/www.mykoplan.ch\/wp-content\/uploads\/2023\/11\/AstaPure-Arava-eBook-1.pdf\" target=\"_blank\" rel=\"noopener\">AstaPure Arava eBook.pdf<\/a><\/p>\n<p><a href=\"https:\/\/www.mykoplan.ch\/wp-content\/uploads\/2023\/11\/Astaxanthin-a-super-antioxidativ.pdf\" target=\"_blank\" rel=\"noopener\">Astaxanthin: A super antioxidant from microalgae and its therapeutic potential (PDF 1MB)<\/a><\/p>\n<p><a href=\"https:\/\/www.mykoplan.ch\/wp-content\/uploads\/2023\/11\/Astaxanthin-and-age.pdf\" target=\"_blank\" rel=\"noopener\">The Role of Astaxanthin as a Nutraceutical in Health and Age-Related Conditions (PDF 0,9MB)<\/a><\/p>\n<p><a href=\"https:\/\/www.mykoplan.ch\/wp-content\/uploads\/2023\/11\/Astaxanthin-skin-repair-disease.pdf\" target=\"_blank\" rel=\"noopener\">Astaxanthin in Skin Health, Repair, and Disease: A Comprehensive Review (PDF 0,3MB)<\/a><\/p>\n<p><a href=\"https:\/\/www.mykoplan.ch\/wp-content\/uploads\/2023\/11\/Vitamin-C.pdf\" target=\"_blank\" rel=\"noopener\">Vitamin C pharmacokinetics in healthy volunteers: Evidence for a recommended dietary allowance (PDF 1MB)<\/a><\/p>\n<p><a href=\"https:\/\/www.mykoplan.ch\/wp-content\/uploads\/2023\/11\/Vitamin-C-and-Vitamin-E.pdf\" target=\"_blank\" rel=\"noopener\">Vitamin C and vitamin C plus E improve the immune function in the elderly (PDF 2MB)<\/a><\/p>\n<p>Pour des raisons juridiques, il n\u2019est pas permis en Suisse de faire des d\u00e9clarations sp\u00e9cifiques \u00e0 la sant\u00e9 sur les effets de GanoProtect MP90 liposomal. Nous ne pouvons que vous renvoyer aux \u00e9tudes correspondantes. Nous vous remercions pour votre compr\u00e9hension.<\/p>\n","protected":false},"excerpt":{"rendered":"<p>GanoProtect MP90 liposomal est un compl\u00e9ment alimentaire innovant. Il favorise la r\u00e9g\u00e9n\u00e9ration durable et sert un programme de sant\u00e9, global et holistique. Gr\u00e2ce \u00e0 sa teneur \u00e9lev\u00e9e en vitamine C et en vitamine E, il contribue \u00e0 un fonctionnement normal du syst\u00e8me immunitaire et r\u00e9duit le stress oxydatif.<\/p>\n<p><strong>Support your Longevity &amp; Healthspan<\/strong><\/p>\n<p><img loading=\"lazy\" decoding=\"async\" class=\"alignnone wp-image-21833\" src=\"https:\/\/www.mykoplan.ch\/wp-content\/uploads\/2023\/11\/icon-ganoprotect-486x500.jpg\" alt=\"Longevity &amp; Healthspan\" width=\"360\" height=\"370\" srcset=\"https:\/\/myko.webdesign-projekte.ch\/wp-content\/uploads\/2023\/11\/icon-ganoprotect-486x500.jpg 486w, https:\/\/myko.webdesign-projekte.ch\/wp-content\/uploads\/2023\/11\/icon-ganoprotect-973x1000.jpg 973w, https:\/\/myko.webdesign-projekte.ch\/wp-content\/uploads\/2023\/11\/icon-ganoprotect-768x790.jpg 768w, https:\/\/myko.webdesign-projekte.ch\/wp-content\/uploads\/2023\/11\/icon-ganoprotect-576x592.jpg 576w, https:\/\/myko.webdesign-projekte.ch\/wp-content\/uploads\/2023\/11\/icon-ganoprotect.jpg 1167w\" sizes=\"auto, (max-width: 360px) 100vw, 360px\" \/><\/p>\n<p>Contenu : 90.90 g<br \/>\n(180 g\u00e9lules \u00e0 505 mg)<\/p>\n<p><em>Produit suffisant pour 2 mois<\/em><\/p>\n","protected":false},"author":240,"featured_media":34068,"comment_status":"open","ping_status":"closed","template":"","meta":{"_coblocks_attr":"","_coblocks_dimensions":"","_coblocks_responsive_height":"","_coblocks_accordion_ie_support":""},"product_brand":[],"product_cat":[85],"product_tag":[],"class_list":{"0":"post-26636","1":"product","2":"type-product","3":"status-publish","4":"has-post-thumbnail","6":"product_cat-ligne-mp","7":"sales-flash-overlay","8":"woocommerce-text-align-center","9":"woocommerce-image-align-center","10":"do-quantity-buttons","12":"first","13":"instock","14":"taxable","15":"shipping-taxable","16":"purchasable","17":"product-type-simple"},"_links":{"self":[{"href":"https:\/\/myko.webdesign-projekte.ch\/fr\/wp-json\/wp\/v2\/product\/26636","targetHints":{"allow":["GET"]}}],"collection":[{"href":"https:\/\/myko.webdesign-projekte.ch\/fr\/wp-json\/wp\/v2\/product"}],"about":[{"href":"https:\/\/myko.webdesign-projekte.ch\/fr\/wp-json\/wp\/v2\/types\/product"}],"author":[{"embeddable":true,"href":"https:\/\/myko.webdesign-projekte.ch\/fr\/wp-json\/wp\/v2\/users\/240"}],"replies":[{"embeddable":true,"href":"https:\/\/myko.webdesign-projekte.ch\/fr\/wp-json\/wp\/v2\/comments?post=26636"}],"wp:featuredmedia":[{"embeddable":true,"href":"https:\/\/myko.webdesign-projekte.ch\/fr\/wp-json\/wp\/v2\/media\/34068"}],"wp:attachment":[{"href":"https:\/\/myko.webdesign-projekte.ch\/fr\/wp-json\/wp\/v2\/media?parent=26636"}],"wp:term":[{"taxonomy":"product_brand","embeddable":true,"href":"https:\/\/myko.webdesign-projekte.ch\/fr\/wp-json\/wp\/v2\/product_brand?post=26636"},{"taxonomy":"product_cat","embeddable":true,"href":"https:\/\/myko.webdesign-projekte.ch\/fr\/wp-json\/wp\/v2\/product_cat?post=26636"},{"taxonomy":"product_tag","embeddable":true,"href":"https:\/\/myko.webdesign-projekte.ch\/fr\/wp-json\/wp\/v2\/product_tag?post=26636"}],"curies":[{"name":"wp","href":"https:\/\/api.w.org\/{rel}","templated":true}]}}