{"id":26612,"date":"2019-12-12T07:44:49","date_gmt":"2019-12-12T06:44:49","guid":{"rendered":"https:\/\/www.mykoplan.ch\/?post_type=product&#038;p=26612"},"modified":"2026-01-23T11:26:21","modified_gmt":"2026-01-23T10:26:21","slug":"reishi-bio-mushroom-go","status":"publish","type":"product","link":"https:\/\/myko.webdesign-projekte.ch\/fr\/shop\/mushroom-go-fr\/reishi-bio-mushroom-go\/","title":{"rendered":"Reishi bio Mushroom GO"},"content":{"rendered":"<p><strong>Reishi<\/strong><\/p>\n<p>Autres appellations : Ganoderma lucidum, Ling Zhi, Ganoderme luisant.<\/p>\n<p><strong>Histoire :<\/strong><\/p>\n<p>Le reishi est l\u2019un des rem\u00e8des les plus connus qui sont utilis\u00e9s. Dans la culture asiatique traditionnelle, le reishi est appel\u00e9 \u00abchampignon de longue vie\u00bb ou \u00abchampignon d\u2019immortalit\u00e9\u00bb. Cela est d\u00fb au fait que dans cette r\u00e9gion, on lui attribue des pouvoirs b\u00e9n\u00e9fiques pour les diff\u00e9rents d\u00e9fis de la vie. Ce champignon est connu et appr\u00e9ci\u00e9 dans le monde entier. Il contient de nombreux composants essentiels. La litt\u00e9rature sp\u00e9cialis\u00e9e d\u00e9crit ce champignon vital de mani\u00e8re exhaustive et il existe de nombreuses \u00e9tudes sur ses composants.<\/p>\n","protected":false},"excerpt":{"rendered":"<p>G\u00e9lules de reishi bio<br \/>\nContenu : 20 g<br \/>\n(40 g\u00e9lules \u00e0 500 mg)<\/p>\n<p><em>Produit suffisant pour 10 jours<\/em><\/p>\n","protected":false},"author":240,"featured_media":34048,"comment_status":"open","ping_status":"closed","template":"","meta":{"_coblocks_attr":"","_coblocks_dimensions":"","_coblocks_responsive_height":"","_coblocks_accordion_ie_support":""},"product_brand":[],"product_cat":[88,117,83],"product_tag":[],"class_list":{"0":"post-26612","1":"product","2":"type-product","3":"status-publish","4":"has-post-thumbnail","6":"product_cat-mushroom-go-fr","7":"product_cat-preparations-a-base-dun-seul-champignon","8":"product_cat-reishi-fr","9":"sales-flash-overlay","10":"woocommerce-text-align-center","11":"woocommerce-image-align-center","12":"do-quantity-buttons","14":"first","15":"instock","16":"taxable","17":"shipping-taxable","18":"purchasable","19":"product-type-simple"},"_links":{"self":[{"href":"https:\/\/myko.webdesign-projekte.ch\/fr\/wp-json\/wp\/v2\/product\/26612","targetHints":{"allow":["GET"]}}],"collection":[{"href":"https:\/\/myko.webdesign-projekte.ch\/fr\/wp-json\/wp\/v2\/product"}],"about":[{"href":"https:\/\/myko.webdesign-projekte.ch\/fr\/wp-json\/wp\/v2\/types\/product"}],"author":[{"embeddable":true,"href":"https:\/\/myko.webdesign-projekte.ch\/fr\/wp-json\/wp\/v2\/users\/240"}],"replies":[{"embeddable":true,"href":"https:\/\/myko.webdesign-projekte.ch\/fr\/wp-json\/wp\/v2\/comments?post=26612"}],"wp:featuredmedia":[{"embeddable":true,"href":"https:\/\/myko.webdesign-projekte.ch\/fr\/wp-json\/wp\/v2\/media\/34048"}],"wp:attachment":[{"href":"https:\/\/myko.webdesign-projekte.ch\/fr\/wp-json\/wp\/v2\/media?parent=26612"}],"wp:term":[{"taxonomy":"product_brand","embeddable":true,"href":"https:\/\/myko.webdesign-projekte.ch\/fr\/wp-json\/wp\/v2\/product_brand?post=26612"},{"taxonomy":"product_cat","embeddable":true,"href":"https:\/\/myko.webdesign-projekte.ch\/fr\/wp-json\/wp\/v2\/product_cat?post=26612"},{"taxonomy":"product_tag","embeddable":true,"href":"https:\/\/myko.webdesign-projekte.ch\/fr\/wp-json\/wp\/v2\/product_tag?post=26612"}],"curies":[{"name":"wp","href":"https:\/\/api.w.org\/{rel}","templated":true}]}}