{"id":26611,"date":"2020-12-01T12:05:46","date_gmt":"2020-12-01T11:05:46","guid":{"rendered":"https:\/\/www.mykoplan.ch\/?post_type=product&#038;p=26611"},"modified":"2026-01-23T11:26:21","modified_gmt":"2026-01-23T10:26:21","slug":"polyporus-bio-paquet-avantage","status":"publish","type":"product","link":"https:\/\/myko.webdesign-projekte.ch\/fr\/shop\/polyporus-fr\/polyporus-bio-paquet-avantage\/","title":{"rendered":"Polyporus bio paquet avantage"},"content":{"rendered":"<p><strong>Polyporus<\/strong><\/p>\n<p>Autres appellations : tripe du ch\u00eane, Polyporus umbellatus, Zhu Ling<\/p>\n<p><strong>Histoire :<\/strong><\/p>\n<p>Ce champignon \u00e0 la longue tradition est d\u00e9crit par la culture traditionnelle chinoise dans l\u2019ouvrage m\u00e9dical Materia Medica. La momie glaciaire \u00d6tzi portait sur elle un champignon de bouleau apparent\u00e9 pour se prot\u00e9ger. Ce champignon indig\u00e8ne est moins connu comme aliment, bien qu\u2019il ait un go\u00fbt agr\u00e9able. Ce champignon vital est largement d\u00e9crit dans la litt\u00e9rature sp\u00e9cialis\u00e9e et il existe de nombreuses \u00e9tudes sur ses composants.<\/p>\n","protected":false},"excerpt":{"rendered":"<p><strong>1 x bocal en verre (g\u00e9lules de Polyporus bio)<\/strong><br \/>\nContenu : 65 g<br \/>\n(130 g\u00e9lules \u00e0 500 mg)<\/p>\n<p><strong>1 x recharge (g\u00e9lules de Polyporus bio)<br \/>\n<\/strong>Contenu : 130 g<br \/>\n(260 g\u00e9lules \u00e0 500 mg)<\/p>\n<p><em>Produit suffisant pour 3 mois<\/em><\/p>\n","protected":false},"author":240,"featured_media":34190,"comment_status":"open","ping_status":"closed","template":"","meta":{"_coblocks_attr":"","_coblocks_dimensions":"","_coblocks_responsive_height":"","_coblocks_accordion_ie_support":""},"product_brand":[],"product_cat":[82,117],"product_tag":[],"class_list":{"0":"post-26611","1":"product","2":"type-product","3":"status-publish","4":"has-post-thumbnail","6":"product_cat-polyporus-fr","7":"product_cat-preparations-a-base-dun-seul-champignon","8":"sales-flash-overlay","9":"woocommerce-text-align-center","10":"woocommerce-image-align-center","11":"do-quantity-buttons","13":"first","14":"instock","15":"taxable","16":"shipping-taxable","17":"purchasable","18":"product-type-simple"},"_links":{"self":[{"href":"https:\/\/myko.webdesign-projekte.ch\/fr\/wp-json\/wp\/v2\/product\/26611","targetHints":{"allow":["GET"]}}],"collection":[{"href":"https:\/\/myko.webdesign-projekte.ch\/fr\/wp-json\/wp\/v2\/product"}],"about":[{"href":"https:\/\/myko.webdesign-projekte.ch\/fr\/wp-json\/wp\/v2\/types\/product"}],"author":[{"embeddable":true,"href":"https:\/\/myko.webdesign-projekte.ch\/fr\/wp-json\/wp\/v2\/users\/240"}],"replies":[{"embeddable":true,"href":"https:\/\/myko.webdesign-projekte.ch\/fr\/wp-json\/wp\/v2\/comments?post=26611"}],"wp:featuredmedia":[{"embeddable":true,"href":"https:\/\/myko.webdesign-projekte.ch\/fr\/wp-json\/wp\/v2\/media\/34190"}],"wp:attachment":[{"href":"https:\/\/myko.webdesign-projekte.ch\/fr\/wp-json\/wp\/v2\/media?parent=26611"}],"wp:term":[{"taxonomy":"product_brand","embeddable":true,"href":"https:\/\/myko.webdesign-projekte.ch\/fr\/wp-json\/wp\/v2\/product_brand?post=26611"},{"taxonomy":"product_cat","embeddable":true,"href":"https:\/\/myko.webdesign-projekte.ch\/fr\/wp-json\/wp\/v2\/product_cat?post=26611"},{"taxonomy":"product_tag","embeddable":true,"href":"https:\/\/myko.webdesign-projekte.ch\/fr\/wp-json\/wp\/v2\/product_tag?post=26611"}],"curies":[{"name":"wp","href":"https:\/\/api.w.org\/{rel}","templated":true}]}}