{"id":26602,"date":"2019-02-26T07:43:39","date_gmt":"2019-02-26T06:43:39","guid":{"rendered":"https:\/\/www.mykoplan.ch\/?post_type=product&#038;p=26602"},"modified":"2026-01-23T11:26:19","modified_gmt":"2026-01-23T10:26:19","slug":"maitake-bio-paquet-avantage","status":"publish","type":"product","link":"https:\/\/myko.webdesign-projekte.ch\/fr\/shop\/maitake-fr\/maitake-bio-paquet-avantage\/","title":{"rendered":"Maitake bio paquet avantage"},"content":{"rendered":"<p><strong>Maitake<\/strong><\/p>\n<p>Autres appellations : Poule des bois, Grifola frondosa, Hui Shu Hua<\/p>\n<p><strong>Histoire :<\/strong><\/p>\n<p>Selon la l\u00e9gende, au Japon, les cueilleurs dansaient lorsqu\u2019ils trouvaient du maitake. Les lieux de d\u00e9couverte \u00e9taient tenus secrets et le champignon \u00e9tait pes\u00e9 avec de l\u2019argent. Le maitake est un champignon comestible tr\u00e8s populaire et sain. Il contient des composants tr\u00e8s int\u00e9ressants et importants sur le plan nutritionnel. Ce champignon vital est largement d\u00e9crit dans la litt\u00e9rature sp\u00e9cialis\u00e9e et il existe de nombreuses \u00e9tudes sur ses composants.<\/p>\n","protected":false},"excerpt":{"rendered":"<p><strong>1 x bocal en verre (g\u00e9lules de Maitake bio)<\/strong><br \/>\nContenu : 65 g<br \/>\n(130 g\u00e9lules \u00e0 500 mg)<\/p>\n<p><strong>1 x recharge (g\u00e9lules de Maitake bio)<br \/>\n<\/strong>Contenu : 130 g<br \/>\n(260 g\u00e9lules \u00e0 500 mg)<\/p>\n<p><em>Produit suffisant pour 3 mois<\/em><\/p>\n","protected":false},"author":240,"featured_media":34186,"comment_status":"open","ping_status":"closed","template":"","meta":{"_coblocks_attr":"","_coblocks_dimensions":"","_coblocks_responsive_height":"","_coblocks_accordion_ie_support":""},"product_brand":[],"product_cat":[80,117],"product_tag":[],"class_list":{"0":"post-26602","1":"product","2":"type-product","3":"status-publish","4":"has-post-thumbnail","6":"product_cat-maitake-fr","7":"product_cat-preparations-a-base-dun-seul-champignon","8":"sales-flash-overlay","9":"woocommerce-text-align-center","10":"woocommerce-image-align-center","11":"do-quantity-buttons","13":"first","14":"instock","15":"taxable","16":"shipping-taxable","17":"purchasable","18":"product-type-simple"},"_links":{"self":[{"href":"https:\/\/myko.webdesign-projekte.ch\/fr\/wp-json\/wp\/v2\/product\/26602","targetHints":{"allow":["GET"]}}],"collection":[{"href":"https:\/\/myko.webdesign-projekte.ch\/fr\/wp-json\/wp\/v2\/product"}],"about":[{"href":"https:\/\/myko.webdesign-projekte.ch\/fr\/wp-json\/wp\/v2\/types\/product"}],"author":[{"embeddable":true,"href":"https:\/\/myko.webdesign-projekte.ch\/fr\/wp-json\/wp\/v2\/users\/240"}],"replies":[{"embeddable":true,"href":"https:\/\/myko.webdesign-projekte.ch\/fr\/wp-json\/wp\/v2\/comments?post=26602"}],"wp:featuredmedia":[{"embeddable":true,"href":"https:\/\/myko.webdesign-projekte.ch\/fr\/wp-json\/wp\/v2\/media\/34186"}],"wp:attachment":[{"href":"https:\/\/myko.webdesign-projekte.ch\/fr\/wp-json\/wp\/v2\/media?parent=26602"}],"wp:term":[{"taxonomy":"product_brand","embeddable":true,"href":"https:\/\/myko.webdesign-projekte.ch\/fr\/wp-json\/wp\/v2\/product_brand?post=26602"},{"taxonomy":"product_cat","embeddable":true,"href":"https:\/\/myko.webdesign-projekte.ch\/fr\/wp-json\/wp\/v2\/product_cat?post=26602"},{"taxonomy":"product_tag","embeddable":true,"href":"https:\/\/myko.webdesign-projekte.ch\/fr\/wp-json\/wp\/v2\/product_tag?post=26602"}],"curies":[{"name":"wp","href":"https:\/\/api.w.org\/{rel}","templated":true}]}}