{"id":26595,"date":"2018-07-03T08:13:15","date_gmt":"2018-07-03T06:13:15","guid":{"rendered":"https:\/\/www.mykoplan.ch\/?post_type=product&#038;p=26595"},"modified":"2026-01-23T11:26:18","modified_gmt":"2026-01-23T10:26:18","slug":"hericium-bio","status":"publish","type":"product","link":"https:\/\/myko.webdesign-projekte.ch\/fr\/shop\/hericium-fr\/hericium-bio\/","title":{"rendered":"Hericium bio"},"content":{"rendered":"<p><strong>Hericium <\/strong><\/p>\n<p>Autres appellations : H\u00e9risson, Hericium erinaceus, Hou Tou Gu<\/p>\n<p><strong>Histoire :<\/strong><\/p>\n<p>L\u2019hericium est un champignon tr\u00e8s savoureux qui est consid\u00e9r\u00e9 comme un mets d\u00e9licat. En outre, il est tr\u00e8s appr\u00e9ci\u00e9 pour ses composants nutritionnels tr\u00e8s int\u00e9ressants. Il contient tous les acides amin\u00e9s essentiels pour l\u2019homme. Ce champignon vital est largement d\u00e9crit dans la litt\u00e9rature sp\u00e9cialis\u00e9e et il existe de nombreuses \u00e9tudes sur ses composants.<\/p>\n","protected":false},"excerpt":{"rendered":"<p>G\u00e9lules d\u2019hericium bio<br \/>\nContenu : 65 g<br \/>\n(130 g\u00e9lules \u00e0 500 mg)<\/p>\n<p><em>Produit suffisant pour 30 jours<\/em><\/p>\n","protected":false},"author":240,"featured_media":34018,"comment_status":"open","ping_status":"closed","template":"","meta":{"_coblocks_attr":"","_coblocks_dimensions":"","_coblocks_responsive_height":"","_coblocks_accordion_ie_support":""},"product_brand":[],"product_cat":[79,117],"product_tag":[],"class_list":{"0":"post-26595","1":"product","2":"type-product","3":"status-publish","4":"has-post-thumbnail","6":"product_cat-hericium-fr","7":"product_cat-preparations-a-base-dun-seul-champignon","8":"sales-flash-overlay","9":"woocommerce-text-align-center","10":"woocommerce-image-align-center","11":"do-quantity-buttons","13":"first","14":"instock","15":"taxable","16":"shipping-taxable","17":"purchasable","18":"product-type-simple"},"_links":{"self":[{"href":"https:\/\/myko.webdesign-projekte.ch\/fr\/wp-json\/wp\/v2\/product\/26595","targetHints":{"allow":["GET"]}}],"collection":[{"href":"https:\/\/myko.webdesign-projekte.ch\/fr\/wp-json\/wp\/v2\/product"}],"about":[{"href":"https:\/\/myko.webdesign-projekte.ch\/fr\/wp-json\/wp\/v2\/types\/product"}],"author":[{"embeddable":true,"href":"https:\/\/myko.webdesign-projekte.ch\/fr\/wp-json\/wp\/v2\/users\/240"}],"replies":[{"embeddable":true,"href":"https:\/\/myko.webdesign-projekte.ch\/fr\/wp-json\/wp\/v2\/comments?post=26595"}],"wp:featuredmedia":[{"embeddable":true,"href":"https:\/\/myko.webdesign-projekte.ch\/fr\/wp-json\/wp\/v2\/media\/34018"}],"wp:attachment":[{"href":"https:\/\/myko.webdesign-projekte.ch\/fr\/wp-json\/wp\/v2\/media?parent=26595"}],"wp:term":[{"taxonomy":"product_brand","embeddable":true,"href":"https:\/\/myko.webdesign-projekte.ch\/fr\/wp-json\/wp\/v2\/product_brand?post=26595"},{"taxonomy":"product_cat","embeddable":true,"href":"https:\/\/myko.webdesign-projekte.ch\/fr\/wp-json\/wp\/v2\/product_cat?post=26595"},{"taxonomy":"product_tag","embeddable":true,"href":"https:\/\/myko.webdesign-projekte.ch\/fr\/wp-json\/wp\/v2\/product_tag?post=26595"}],"curies":[{"name":"wp","href":"https:\/\/api.w.org\/{rel}","templated":true}]}}