{"id":26470,"date":"2020-04-23T09:04:12","date_gmt":"2020-04-23T07:04:12","guid":{"rendered":"https:\/\/www.mykoplan.ch\/?page_id=26470"},"modified":"2024-08-28T10:45:24","modified_gmt":"2024-08-28T08:45:24","slug":"telechargements","status":"publish","type":"page","link":"https:\/\/myko.webdesign-projekte.ch\/fr\/telechargements\/","title":{"rendered":"T\u00e9l\u00e9chargements"},"content":{"rendered":"\n<h2 class=\"wp-block-heading\">Informations sur l\u2019univers Mykoplan\u00ae et la qualit\u00e9<\/h2>\n\n\n\n<ul class=\"wp-block-list\">\n<li><a class=\"rank-math-link\" href=\"https:\/\/www.mykoplan.ch\/wp-content\/uploads\/2019\/10\/qualitaetsfolder-web.pdf\" target=\"_blank\" rel=\"noreferrer noopener\">Notre dernier catalogue de produits (PDF, 7 MB)<\/a><\/li>\n\n\n\n<li><a href=\"https:\/\/www.mykoplan.ch\/wp-content\/uploads\/2019\/11\/BiomasseversusExtrakt.pdf\" target=\"_blank\" rel=\"noreferrer noopener\">Bulletin d\u2019information GFVS Biomasse versus extraits (PDF, 1 MB)<\/a><\/li>\n<\/ul>\n\n\n\n<h2 class=\"wp-block-heading\">Recettes<\/h2>\n\n\n\n<ul class=\"wp-block-list\">\n<li><a href=\"https:\/\/mykoplan.ch\/downloads\/mykoplan-superfood-ausgabe-1-fr.pdf\" target=\"_blank\" rel=\"noreferrer noopener\">Mykoplan\u00ae Superfood, \u00e9dition 1 : Po\u00eal\u00e9e de shiitak\u00e9 antivirale (PDF, 7,6 MB)<\/a><\/li>\n\n\n\n<li><a href=\"https:\/\/mykoplan.ch\/downloads\/mykoplan-superfood-ausgabe-2-fr.pdf\" target=\"_blank\" rel=\"noreferrer noopener\">Mykoplan\u00ae Superfood, \u00e9dition 2 : Pain \u00e0 l\u2019\u00e9peautre pur et aux \u0153ufs (PDF, 9 MB)<\/a><\/li>\n\n\n\n<li><a href=\"https:\/\/mykoplan.ch\/downloads\/mykoplan-superfood-ausgabe-3-fr.pdf\" target=\"_blank\" rel=\"noreferrer noopener\">Mykoplan\u00ae Superfood, \u00e9dition 3 : B\u00e2ton de c\u00e9leri \u00e0 faible teneur en glucides et sauce au tofu aux trompettes d\u2019automne (PDF, 4 MB)<\/a><\/li>\n\n\n\n<li><a href=\"https:\/\/mykoplan.ch\/downloads\/mykoplan-superfood-ausgabe-4-fr.pdf\" target=\"_blank\" rel=\"noreferrer noopener\">Mykoplan\u00ae Superfood, \u00e9dition 4 : Brunsli aux champignons \u00e9pic\u00e9s (PDF, 6 MB)<\/a><\/li>\n\n\n\n<li><a href=\"https:\/\/mykoplan.ch\/downloads\/mykoplan-superfood-ausgabe-5-fr.pdf\" target=\"_blank\" rel=\"noreferrer noopener\">Mykoplan\u00ae Superfood, \u00e9dition 5 : Beurre aux morilles et \u00e0 l\u2019ail des ours (PDF, 4,5 MB)<\/a><\/li>\n\n\n\n<li><a href=\"https:\/\/mykoplan.ch\/downloads\/mykoplan-superfood-ausgabe-6-fr.pdf\" target=\"_blank\" rel=\"noreferrer noopener\">Mykoplan\u00ae Superfood, \u00e9dition 6 : Burgers v\u00e9g\u00e9taliens de pleurotes aux herbes sauvages (PDF, 5,5 MB)<\/a><\/li>\n\n\n\n<li><a href=\"https:\/\/mykoplan.ch\/downloads\/mykoplan-superfood-ausgabe-7-fr.pdf\" target=\"_blank\" rel=\"noreferrer noopener\">Mykoplan\u00ae Superfood, \u00e9dition 7 : D\u00e9licieuses variations de mezze avec l\u2019oreille de Judas (PDF, 5,6 MB)<\/a><\/li>\n\n\n\n<li><a href=\"https:\/\/mykoplan.ch\/downloads\/mykoplan-superfood-ausgabe-8-fr.pdf\" target=\"_blank\" rel=\"noreferrer noopener\">Mykoplan\u00ae Superfood, \u00e9dition 8 : Bretzel \u00e9pic\u00e9 aux champignons (PDF, 4 MB)<\/a><\/li>\n\n\n\n<li><a href=\"https:\/\/mykoplan.ch\/downloads\/mykoplan-superfood-ausgabe-9-fr.pdf\" target=\"_blank\" rel=\"noreferrer noopener\">Mykoplan\u00ae Superfood, \u00e9dition 9 : Dumplings au tofu et aux shiitak\u00e9s (PDF, 4,9 MB)<\/a><\/li>\n\n\n\n<li><a href=\"https:\/\/mykoplan.ch\/downloads\/mykoplan-superfood-ausgabe-10-fr.pdf\" target=\"_blank\" rel=\"noreferrer noopener\">Mykoplan\u00ae Superfood, \u00e9dition 10 : Nouilles aux lentilles avec pesto de champignons et courgettes (PDF, 6,3 MB)<\/a><\/li>\n\n\n\n<li><a href=\"https:\/\/mykoplan.ch\/downloads\/mykoplan-superfood-ausgabe-11-fr.pdf\" target=\"_blank\" rel=\"noreferrer noopener\">Mykoplan\u00ae Superfood, \u00e9dition 11 : Boulettes de riz Mu-Err au basilic (PDF, 5,6 MB)<\/a><\/li>\n<\/ul>\n\n\n\n<p><\/p>\n","protected":false},"excerpt":{"rendered":"<p>Informations sur l\u2019univers Mykoplan\u00ae et la qualit\u00e9 Recettes<\/p>\n","protected":false},"author":240,"featured_media":0,"parent":0,"menu_order":0,"comment_status":"closed","ping_status":"closed","template":"","meta":{"_coblocks_attr":"","_coblocks_dimensions":"","_coblocks_responsive_height":"","_coblocks_accordion_ie_support":"","footnotes":""},"class_list":["post-26470","page","type-page","status-publish"],"_links":{"self":[{"href":"https:\/\/myko.webdesign-projekte.ch\/fr\/wp-json\/wp\/v2\/pages\/26470","targetHints":{"allow":["GET"]}}],"collection":[{"href":"https:\/\/myko.webdesign-projekte.ch\/fr\/wp-json\/wp\/v2\/pages"}],"about":[{"href":"https:\/\/myko.webdesign-projekte.ch\/fr\/wp-json\/wp\/v2\/types\/page"}],"author":[{"embeddable":true,"href":"https:\/\/myko.webdesign-projekte.ch\/fr\/wp-json\/wp\/v2\/users\/240"}],"replies":[{"embeddable":true,"href":"https:\/\/myko.webdesign-projekte.ch\/fr\/wp-json\/wp\/v2\/comments?post=26470"}],"version-history":[{"count":2,"href":"https:\/\/myko.webdesign-projekte.ch\/fr\/wp-json\/wp\/v2\/pages\/26470\/revisions"}],"predecessor-version":[{"id":27629,"href":"https:\/\/myko.webdesign-projekte.ch\/fr\/wp-json\/wp\/v2\/pages\/26470\/revisions\/27629"}],"wp:attachment":[{"href":"https:\/\/myko.webdesign-projekte.ch\/fr\/wp-json\/wp\/v2\/media?parent=26470"}],"curies":[{"name":"wp","href":"https:\/\/api.w.org\/{rel}","templated":true}]}}